{"id":158,"date":"2017-02-09T22:39:31","date_gmt":"2017-02-09T21:39:31","guid":{"rendered":"https:\/\/arminius-projects.com\/?page_id=158"},"modified":"2020-05-31T11:57:55","modified_gmt":"2020-05-31T09:57:55","slug":"projektservice","status":"publish","type":"page","link":"https:\/\/arminius-projects.com\/de\/projektservice\/","title":{"rendered":"Projektmanagement"},"content":{"rendered":"<div class=\"wpb-content-wrapper\"><p>[vc_row full_width=&#8220;stretch_row_content_no_spaces&#8220; css=&#8220;.vc_custom_1486677990927{margin-top: -40px !important;}&#8220;][vc_column][vc_single_image image=&#8220;344&#8243; img_size=&#8220;full&#8220; alignment=&#8220;center&#8220;][\/vc_column][\/vc_row][vc_row][vc_column][vc_custom_heading text=&#8220;OPERATIVES PROJEKTMANAGEMENT&#8220; font_container=&#8220;tag:h1|font_size:38px|text_align:center|color:%234c4c4c&#8220; google_fonts=&#8220;font_family:Raleway%3A100%2C200%2C300%2Cregular%2C500%2C600%2C700%2C800%2C900|font_style:700%20bold%20regular%3A700%3Anormal&#8220;][vc_column_text]<\/p>\n<p class=\"p1\" style=\"text-align: left;\">Wir bieten Ihnen unsere Leistungen f\u00fcr die gesamte Lebensdauer ihres Projektes an. St\u00e4rken und erg\u00e4nzen Sie Ihr Team durch unser Know-how und Erfahrung.<\/p>\n<p class=\"p1\" style=\"text-align: left;\">Sie finden hier einen Auszug an Leistungen bez\u00fcglich der verschiedenen Disziplinen und Phasen im Projektmanagement. Wenn Sie dabei nicht das finden, was Sie suchen, kontaktieren Sie uns. Kein Projekt ist wie das andere und so m\u00fcssen auch die L\u00f6sungen und Herangehensweisen angepasst werden. Daf\u00fcr bieten wir Ihnen unsere Erfahrung. Auch wenn wir nur einzelne Bausteine liefern &#8211; im Fokus ist der Erfolg vom Gesamtprojekt.<\/p>\n<p class=\"p1\" style=\"text-align: left;\">Wir kennen kein &#8222;Geht nicht!&#8220;, jedoch birgt jedes Projekt auch Risiken. Es ist ein gro\u00dfer Erfolgsfaktor von erfolgreichen Projekten, diese zu erkennen und entsprechend darauf zu reagieren. Eventuell l\u00e4sst sich das Risiko auch in eine Chance entwickeln. Wir k\u00fcmmern uns darum und bleiben am Ball &#8211; bis zum Ende!<\/p>\n<p>[\/vc_column_text][vc_tta_tour shape=&#8220;square&#8220; active_section=&#8220;1&#8243;][vc_tta_section title=&#8220;Projektleitung&#8220; tab_id=&#8220;1486678247689-d3000b06-0db0&#8243;][vc_column_text]<\/p>\n<h3 class=\"p1\"><span style=\"color: #4272b0;\"><strong>Projektleitung &#8211; Schl\u00fcssel zum Erfolg<br \/>\n<\/strong><\/span><\/h3>\n<p class=\"p3\">F\u00fcr unsere Kunden \u00fcbernehmen wir diese verantwortungsvollen T\u00e4tigkeiten:<\/p>\n<ul>\n<li class=\"p3\">Projektleitung<\/li>\n<li class=\"p3\">Teilprojektleitung<\/li>\n<li class=\"p3\">Technische Projektleitung<\/li>\n<li class=\"p3\">Interimsprojektleitung<\/li>\n<\/ul>\n<p class=\"p3\">Sollte ihre Projektleitung drohen, zum Engpass im Projekt zu werden? Eventuell ben\u00f6tigen Sie verl\u00e4ssliche Unterst\u00fctzung f\u00fcr Ihre Projektleitung f\u00fcr Spezialaufgaben. Bei komplexen Gro\u00dfprojekten ist der Projektleiter \/ Projektdirektor h\u00e4ufig ein gefragter Mann und ben\u00f6tigt neben den Fachteams einen f\u00e4higen und verl\u00e4sslichen Stab:<\/p>\n<ul>\n<li class=\"p3\">Stakeholdermanagement<\/li>\n<li class=\"p3\">Projektassistenz<\/li>\n<li class=\"p3\">Expediting<\/li>\n<\/ul>\n<p>[\/vc_column_text][\/vc_tta_section][vc_tta_section title=&#8220;Risikomanagement&#8220; tab_id=&#8220;1486678310909-1ec356f1-7f6e&#8220;][vc_column_text]<\/p>\n<h3 class=\"p1\"><span style=\"color: #4272b0;\"><strong>Risikomanagement<\/strong><\/span><\/h3>\n<p class=\"p3\">Es gibt kein Projekt ohne Risiko. Aus einem Risiko k\u00f6nnen sich jedoch auch Chancen entwicklen. Gerade beim Risikomanagement empfiehlt es sich mit einem externen, objektiven und unabh\u00e4ngigen Partner zusammenzuarbeiten. Risikomanagement kann schnell zum Politikum werden. Dabei ist das aktive, iterative und st\u00e4ndige Risikomanagement ein Erfolgsfaktor f\u00fcr Projekte. Mit folgenden Leistungen k\u00f6nnen wir Ihr Projekt beispielsweise unterst\u00fctzen.<\/p>\n<ul>\n<li class=\"p3\">Einf\u00fchrung eines Risikomanagementsystems<\/li>\n<li class=\"p3\">Aufbau Risikoregister<\/li>\n<li class=\"p3\">Seminar: Basiseinf\u00fchrung Risikomanagement<\/li>\n<li class=\"p3\">Umgang mit und Strategien f\u00fcr hohe Risiken<\/li>\n<li class=\"p3\">Risikomanager im Projekt<\/li>\n<\/ul>\n<p>[\/vc_column_text][\/vc_tta_section][vc_tta_section title=&#8220;Projektplanung&#8220; tab_id=&#8220;1486678278171-090b87a4-3c8d&#8220;][vc_column_text]<\/p>\n<h3 class=\"p1\"><span style=\"color: #4272b0;\"><strong>Projektplanung<\/strong><\/span><\/h3>\n<p>Wir bieten unseren Kunden die Mithilfe in der Planung an. Durch Methodenkompetenz, aber auch Objektivit\u00e4t der Aufgabe und dem Kunden gegen\u00fcber, entwickeln wir realistische und verl\u00e4ssliche Pl\u00e4ne. Hier k\u00f6nnen wir z.B. unterst\u00fctzen:<\/p>\n<ul>\n<li>Entwicklung der Project Charter<\/li>\n<li>Planung der ad\u00e4quaten Projektorganisation<\/li>\n<li>Zeitplanung<\/li>\n<li>Ressourcenplanung<\/li>\n<li>Ausarbeitung der WBS<\/li>\n<li>Definition der Arbeitspakete<\/li>\n<li>Analyse der Stakeholder<\/li>\n<li>Aufbau vom Projekthandbuch<\/li>\n<li>Planung der Integration und Schulung der Projektmitarbeiter<\/li>\n<\/ul>\n<p>[\/vc_column_text][\/vc_tta_section][vc_tta_section title=&#8220;Projekt\u00fcberwachung und -steuerung&#8220; tab_id=&#8220;1486678285723-bd5434de-c231&#8243;][vc_column_text]<\/p>\n<h3 class=\"p1\"><span style=\"color: #4272b0;\"><strong>Projekt\u00fcberwachung und -steuerung (Bau\u00fcberwachung)<br \/>\n<\/strong><\/span><\/h3>\n<p>Im Bereich der Projekt\u00fcberwachung und -steuerung bieten wir umfangreiche Leistungen. Diese richten sich gr\u00f6\u00dftenteils nach den Prozessen und dem Controlling unserer Kunden. Auch hier \u00fcbernehmen wir gerne Spezialaufgaben:<\/p>\n<ul>\n<li>Ausarbeitung der Statusberichte<\/li>\n<li>\u00dcberwachung kritischer Pfad<\/li>\n<li>Durchf\u00fchrung von regelm\u00e4\u00dfigen Projektbesprechungen mit dem Projektteam<\/li>\n<li>Teilprojekt\u00fcberwachung<\/li>\n<li>Projektrepr\u00e4sentant auf der Baustelle, beim Kunden oder beim Unterlieferanten zur speziellen \u00dcberwachung von Schl\u00fcsselaktivit\u00e4ten.<\/li>\n<\/ul>\n<p>[\/vc_column_text][\/vc_tta_section][vc_tta_section title=&#8220;Projektb\u00fcro (PMO), Projektrepr\u00e4sentanz&#8220; tab_id=&#8220;1486823329667-37c64d36-7bdd&#8220;][vc_column_text]<\/p>\n<h3 class=\"p1\"><span style=\"color: #4272b0;\"><strong>Projektb\u00fcro (PMO), Projektrepr\u00e4sentanz<br \/>\n<\/strong><\/span><\/h3>\n<p class=\"p3\">Das R\u00fcckgrat f\u00fcr den reibungslosen Ablauf eines Projekts ist eine effiziente und gut organisierte Projektverwaltung. Mit unserer Erfahrung k\u00f6nnen wir Ihrer Projektorganisation die n\u00f6tige Basis geben:<\/p>\n<ul>\n<li class=\"p3\">Organisation, Aufbau und Besetzung Projektb\u00fcro<\/li>\n<li class=\"p3\">\u00dcberwachung der Projektprozesse<\/li>\n<li class=\"p3\">Projektb\u00fcro auf der Baustelle<\/li>\n<\/ul>\n<h4 class=\"p3\"><strong>Projektrepr\u00e4sentanz<\/strong><\/h4>\n<p class=\"p3\">Des Weiteren fungieren wir f\u00fcr unsere Kunden als:<\/p>\n<ul>\n<li class=\"p3\">Kundenrepr\u00e4sentant (Client Rep)<\/li>\n<li class=\"p3\">Projektrepr\u00e4sentant<\/li>\n<\/ul>\n<p>auf der Baustelle, bei der Fertigung, Offshore oder beim Unterlieferanten. Genau da, wo unsere Kunden einen verl\u00e4sslichen und durchsetzungsstarken Repr\u00e4sentanten ben\u00f6tigen.[\/vc_column_text][\/vc_tta_section][vc_tta_section title=&#8220;\u00c4nderungsmanagement und Claimpr\u00e4vention&#8220; tab_id=&#8220;1486678329802-32ff039a-8d4f&#8220;][vc_column_text]<\/p>\n<h3 class=\"p1\"><span style=\"color: #4272b0;\"><strong>\u00c4nderungsmanagement und Claimpr\u00e4vention<\/strong><\/span><\/h3>\n<p>In Projekten sind inhaltliche \u00c4nderungen und auch Dispute \u00fcber vertragliche Unklarheiten an der Tagesordnung. Leider kommt es auch hin und wieder vor, dass man mit einem agressiven Claimmanagement konfrontiert wird. Wichtig ist dabei vor allem, dass schnell und gezielt gehandelt wird.<\/p>\n<ul>\n<li>Vertragsanalysen<\/li>\n<li>Vertragsschulungen und Sensibilisierung Projektteam<\/li>\n<li>Aufbau und Implementierung Claim-Prozess<\/li>\n<li>Nachtragsschlichtungen mit den Beteiligten<\/li>\n<li>Optimierung \u00c4nderungs- und Nachtragsmanagement<\/li>\n<\/ul>\n<p>[\/vc_column_text][\/vc_tta_section][vc_tta_section title=&#8220;Unterlieferantenmanagement&#8220; tab_id=&#8220;1486678348303-aee70f35-a148&#8243;][vc_column_text]<\/p>\n<h3 class=\"p1\"><span style=\"color: #4272b0;\"><strong>Unterlieferantenmanagement &#8211; Projekteinkauf<br \/>\n<\/strong><\/span><\/h3>\n<p>Die \u00dcberwachung und Steuerung der Unterlieferanten ist ein weiterer Erfolgsfaktor f\u00fcr erfolgreiche Projekte. Es ist leider eine Traumvorstellung, dass nach der Bestellung, der Unterlieferant ganz einfach das liefert, was man sich w\u00fcnscht. Ein Unterlieferant muss durch das gesamte Projekt gef\u00fchrt werden. In einem Projekt treffen mitunter Unternehmen mit verschiedenen Kr\u00e4fteverh\u00e4ltnissen aufeinander. Der globale Generalunternehmer kauft Spezialprodukte beim deutschen KMU aus der Provinz.\u00a0 Bei solchen Projekten ist mitunter sehr viel Koordinationsaufwand notwendig, damit der Unterlieferant und der Auftraggeber am Ende des Projekts zufrieden sind.<\/p>\n<ul>\n<li class=\"p3\">Unterst\u00fctzung des Einkaufs im Sinne eines Projekteinkaufs<\/li>\n<li class=\"p3\">Dokumentenmanagement<\/li>\n<li class=\"p3\">\u00dcberwachung<\/li>\n<li class=\"p3\">Zeit- und Kostenplanung<\/li>\n<li class=\"p3\">Technische Abnahmen<\/li>\n<li class=\"p3\">Vertragsmanagement<\/li>\n<li class=\"p3\">Risikomanagement<\/li>\n<\/ul>\n<p>[\/vc_column_text][\/vc_tta_section][vc_tta_section title=&#8220;Evaluierung von Projekten in Bedr\u00e4ngnis&#8220; tab_id=&#8220;1486678296883-c5a27dc2-42b3&#8243;][vc_column_text]<\/p>\n<h3 class=\"p1\"><span style=\"color: #4272b0;\"><strong>Evaluierung von Projekten in Bedr\u00e4ngnis<\/strong><\/span><\/h3>\n<p>Sollte sich Ihr Projekt in Schieflage bewegen und sich eine Krise anbahnen, dann sollten Sie aktiv werden. H\u00e4ufig gibt es erste Anzeichen, bevor die Kennzahlen \u00fcber Abweichungen Aufschluss geben. Wir k\u00f6nnen Ihr Projekt untersuchen und eine St\u00e4rken \/ Schw\u00e4chenanalyse durchf\u00fchren. Eine Projektevaluierung kann auch dazu dienen, das Projektmanagement zu verbessern, ohne das gleich eine Krise vorliegen muss.<\/p>\n<ul>\n<li class=\"p3\">Evaluierung<\/li>\n<li class=\"p3\">Analyse<\/li>\n<li class=\"p3\">Ma\u00dfnahmen<\/li>\n<li class=\"p3\">Gap-Analyse<\/li>\n<li class=\"p3\">Krisenmanagement<\/li>\n<\/ul>\n<p>Wir f\u00fchren f\u00fcr unsere Kunden aber auch ein knallhartes Krisenmanagement durch. Eventuell sind auch Schl\u00fcsselpositionen interimsweise zu besetzen. Wir sind da, wo Sie es brauchen![\/vc_column_text][\/vc_tta_section][vc_tta_section title=&#8220;Projektprozessmanagement&#8220; tab_id=&#8220;1486823385374-52fcc7cc-0710&#8243;][vc_column_text]<\/p>\n<h3 class=\"p1\"><span style=\"color: #4272b0;\"><strong>Projektprozessmanagement<\/strong><\/span><\/h3>\n<p>Unsere Kunden beraten wir gerne zum Thema Prozesse, Strukturierung und Organisation ihres Projektmanagements. Wir analysieren und optimieren die Prozesse im Projektmanagement, um die Effektivit\u00e4t und Effizienz der Abl\u00e4ufe zu verbessern.<\/p>\n<p>Diese Themen sind ein Erfolgsfaktor bei gro\u00dfen Projekten, vor allem dann, wenn die Teams an unterschiedlichen Standorten sitzen. Wir helfen Ihnen dabei, dass sich Ihr Projektteam zu einem Hochleistungsteam entwickelt.<\/p>\n<ul>\n<li>Analyse und Optimierung der administrativen Prozesse<\/li>\n<li>Kommunikationsmanagement<\/li>\n<li>Kl\u00e4rung der Projektrollen<\/li>\n<li>Konfliktmanagement<\/li>\n<li>Lean Project Management<\/li>\n<\/ul>\n<p>Dies soll dazu dienen die Qualit\u00e4t Ihres Projektmanagement, die Motivation Ihres Teams und somit den Erfolg Ihrer Projekte zu verbessern.[\/vc_column_text][\/vc_tta_section][\/vc_tta_tour][\/vc_column][\/vc_row]<\/p>\n<\/div>","protected":false},"excerpt":{"rendered":"<p>[vc_row full_width=&ldquo;stretch_row_content_no_spaces&ldquo; css=&ldquo;.vc_custom_1486677990927{margin-top: -40px !important;}&ldquo;][vc_column][vc_single_image image=&ldquo;344&Prime; img_size=&ldquo;full&ldquo; alignment=&ldquo;center&ldquo;][\/vc_column][\/vc_row][vc_row][vc_column][vc_custom_heading text=&ldquo;OPERATIVES PROJEKTMANAGEMENT&ldquo; font_container=&ldquo;tag:h1|font_size:38px|text_align:center|color:%234c4c4c&ldquo; google_fonts=&ldquo;font_family:Raleway%3A100%2C200%2C300%2Cregular%2C500%2C600%2C700%2C800%2C900|font_style:700%20bold%20regular%3A700%3Anormal&ldquo;][vc_column_text] Wir bieten Ihnen unsere Leistungen f&uuml;r die gesamte<\/p>\n","protected":false},"author":1,"featured_media":0,"parent":0,"menu_order":0,"comment_status":"closed","ping_status":"closed","template":"","meta":{"footnotes":""},"class_list":["post-158","page","type-page","status-publish","hentry"],"_links":{"self":[{"href":"https:\/\/arminius-projects.com\/de\/wp-json\/wp\/v2\/pages\/158"}],"collection":[{"href":"https:\/\/arminius-projects.com\/de\/wp-json\/wp\/v2\/pages"}],"about":[{"href":"https:\/\/arminius-projects.com\/de\/wp-json\/wp\/v2\/types\/page"}],"author":[{"embeddable":true,"href":"https:\/\/arminius-projects.com\/de\/wp-json\/wp\/v2\/users\/1"}],"replies":[{"embeddable":true,"href":"https:\/\/arminius-projects.com\/de\/wp-json\/wp\/v2\/comments?post=158"}],"version-history":[{"count":78,"href":"https:\/\/arminius-projects.com\/de\/wp-json\/wp\/v2\/pages\/158\/revisions"}],"predecessor-version":[{"id":670,"href":"https:\/\/arminius-projects.com\/de\/wp-json\/wp\/v2\/pages\/158\/revisions\/670"}],"wp:attachment":[{"href":"https:\/\/arminius-projects.com\/de\/wp-json\/wp\/v2\/media?parent=158"}],"curies":[{"name":"wp","href":"https:\/\/api.w.org\/{rel}","templated":true}]}}