{"id":193,"date":"2017-02-09T23:22:10","date_gmt":"2017-02-09T22:22:10","guid":{"rendered":"https:\/\/arminius-projects.com\/?page_id=193"},"modified":"2021-04-06T15:45:00","modified_gmt":"2021-04-06T13:45:00","slug":"projektpersonal","status":"publish","type":"page","link":"https:\/\/arminius-projects.com\/de\/projektpersonal\/","title":{"rendered":"Projektpersonal"},"content":{"rendered":"<div class=\"wpb-content-wrapper\"><p>[vc_row full_width=&#8220;stretch_row_content_no_spaces&#8220; css=&#8220;.vc_custom_1486677990927{margin-top: -40px !important;}&#8220;][vc_column][vc_single_image image=&#8220;367&#8243; img_size=&#8220;full&#8220; alignment=&#8220;center&#8220;][\/vc_column][\/vc_row][vc_row][vc_column][vc_custom_heading text=&#8220;PROFESSIONELES PROJEKTPERSONAL&#8220; font_container=&#8220;tag:h1|font_size:38px|text_align:center|color:%234c4c4c&#8220; google_fonts=&#8220;font_family:Raleway%3A100%2C200%2C300%2Cregular%2C500%2C600%2C700%2C800%2C900|font_style:700%20bold%20regular%3A700%3Anormal&#8220;][vc_column_text]Wir stehen f\u00fcr Kompetenz im Projektmanagement. Dazu geh\u00f6rt auch die Ressourcenplanung und die kurzfristige und kurzzeitige Abdeckung von Bedarfsspitzen durch Spezialisten. Wir k\u00f6nnen Sie unterst\u00fctzen, dass passende Projektpersonal zu akquirieren. Sprechen Sie uns an!<\/p>\n<p>Kurzfristig k\u00f6nnen wir f\u00fcr Sie mit folgenden T\u00e4tigkeiten zur Verf\u00fcgung stehen:<\/p>\n<ul>\n<li>Senior Projektmanager<\/li>\n<li>Offshore \/ Onshore Client Representative<\/li>\n<\/ul>\n<p>[\/vc_column_text][\/vc_column][\/vc_row][vc_row][vc_column][vc_custom_heading text=&#8220;F\u00fcr Bewerber&#8220; font_container=&#8220;tag:h1|font_size:38px|text_align:center|color:%234c4c4c&#8220; google_fonts=&#8220;font_family:Raleway%3A100%2C200%2C300%2Cregular%2C500%2C600%2C700%2C800%2C900|font_style:700%20bold%20regular%3A700%3Anormal&#8220;][vc_column_text]F\u00fcr unsere Projekte und Kunden sind wir immer auf der Suche nach Spezialisten. Haben Sie Spa\u00df an den besonderen Herausforderungen von Projekten? Klicken Sie sich durch unsere Job-Datenbank. Vielleicht ist das Passende f\u00fcr Sie dabei und wir d\u00fcrfen Sie schon bald in unserem Team begr\u00fc\u00dfen. Alternativ senden Sie uns Ihre Initiativbewerbung. Wir freuen uns auf Sie![\/vc_column_text][vc_basic_grid post_type=&#8220;post&#8220; max_items=&#8220;10&#8243; element_width=&#8220;3&#8243; item=&#8220;446&#8243; grid_id=&#8220;vc_gid:1617713080114-1c1281b8-e5d2-8&#8243; taxonomies=&#8220;24&#8243;][\/vc_column][\/vc_row]<\/p>\n<\/div>","protected":false},"excerpt":{"rendered":"<p>[vc_row full_width=&ldquo;stretch_row_content_no_spaces&ldquo; css=&ldquo;.vc_custom_1486677990927{margin-top: -40px !important;}&ldquo;][vc_column][vc_single_image image=&ldquo;367&Prime; img_size=&ldquo;full&ldquo; alignment=&ldquo;center&ldquo;][\/vc_column][\/vc_row][vc_row][vc_column][vc_custom_heading text=&ldquo;PROFESSIONELES PROJEKTPERSONAL&ldquo; font_container=&ldquo;tag:h1|font_size:38px|text_align:center|color:%234c4c4c&ldquo; google_fonts=&ldquo;font_family:Raleway%3A100%2C200%2C300%2Cregular%2C500%2C600%2C700%2C800%2C900|font_style:700%20bold%20regular%3A700%3Anormal&ldquo;][vc_column_text]Wir stehen f&uuml;r Kompetenz im Projektmanagement. Dazu geh&ouml;rt auch<\/p>\n","protected":false},"author":1,"featured_media":0,"parent":0,"menu_order":0,"comment_status":"closed","ping_status":"closed","template":"","meta":{"footnotes":""},"class_list":["post-193","page","type-page","status-publish","hentry"],"_links":{"self":[{"href":"https:\/\/arminius-projects.com\/de\/wp-json\/wp\/v2\/pages\/193"}],"collection":[{"href":"https:\/\/arminius-projects.com\/de\/wp-json\/wp\/v2\/pages"}],"about":[{"href":"https:\/\/arminius-projects.com\/de\/wp-json\/wp\/v2\/types\/page"}],"author":[{"embeddable":true,"href":"https:\/\/arminius-projects.com\/de\/wp-json\/wp\/v2\/users\/1"}],"replies":[{"embeddable":true,"href":"https:\/\/arminius-projects.com\/de\/wp-json\/wp\/v2\/comments?post=193"}],"version-history":[{"count":29,"href":"https:\/\/arminius-projects.com\/de\/wp-json\/wp\/v2\/pages\/193\/revisions"}],"predecessor-version":[{"id":727,"href":"https:\/\/arminius-projects.com\/de\/wp-json\/wp\/v2\/pages\/193\/revisions\/727"}],"wp:attachment":[{"href":"https:\/\/arminius-projects.com\/de\/wp-json\/wp\/v2\/media?parent=193"}],"curies":[{"name":"wp","href":"https:\/\/api.w.org\/{rel}","templated":true}]}}