{"id":196,"date":"2017-02-09T23:22:51","date_gmt":"2017-02-09T22:22:51","guid":{"rendered":"https:\/\/arminius-projects.com\/?page_id=196"},"modified":"2020-05-31T11:57:47","modified_gmt":"2020-05-31T09:57:47","slug":"projektentwicklung","status":"publish","type":"page","link":"https:\/\/arminius-projects.com\/de\/projektentwicklung\/","title":{"rendered":"Projektberatung"},"content":{"rendered":"<div class=\"wpb-content-wrapper\"><p>[vc_row full_width=&#8220;stretch_row_content_no_spaces&#8220; css=&#8220;.vc_custom_1486677990927{margin-top: -40px !important;}&#8220;][vc_column][vc_single_image image=&#8220;508&#8243; img_size=&#8220;full&#8220; alignment=&#8220;center&#8220;][\/vc_column][\/vc_row][vc_row][vc_column][vc_custom_heading text=&#8220;PROJEKTBERATUNG&#8220; font_container=&#8220;tag:h1|font_size:38px|text_align:center|color:%234c4c4c&#8220; google_fonts=&#8220;font_family:Raleway%3A100%2C200%2C300%2Cregular%2C500%2C600%2C700%2C800%2C900|font_style:700%20bold%20regular%3A700%3Anormal&#8220;][vc_column_text]Unsere Erfahrungen im operativen Projektmanagement lassen wir in unsere Beratungsangebote einflie\u00dfen.<\/p>\n<p>Wir unterst\u00fctzen Sie beim Aufbau Ihrer\u00a0 Projektmanagementstrukturen und \u2013prozesse. Wir entwicklen oder optimieren mit Ihnen zusammen Ihre Methoden und Toolkompetenzen, damit Ihr Projektmanagement optimal auf Ihr Unternehmen und Ihre Projekte ausgerichtet ist.<\/p>\n<p>Folgende Themen k\u00f6nnen wir beispielsweise f\u00fcr Sie abdecken, damit Sie sichere Entscheidungen treffen k\u00f6nnen:<\/p>\n<ul>\n<li>Vorprojektierung<\/li>\n<li>Technologiestudien<\/li>\n<li>Profitabilit\u00e4tsberechnungen und -analysen<\/li>\n<li>Durchf\u00fchrbarkeitsstudien<\/li>\n<li>Technische Unterst\u00fctzung bei der Projektfinanzierung<\/li>\n<li>Vermarktungshilfen<\/li>\n<li>L\u00e4nder\u00fcbergreifende Standortanalysen &#8211; verl\u00e4ngerte Werkbank<\/li>\n<li>Verlagerungsanalysen<\/li>\n<li>Vertikale \u2013 oder horizontale Integration oder Auslagerung<\/li>\n<li>Fertigungsstrategien<\/li>\n<li>Risikostudien<\/li>\n<li>Evaluierungen von Kooperationsm\u00f6glichkeiten im Ausland<\/li>\n<li>Erstellung von Business Cases<\/li>\n<li>Programmentwicklung<\/li>\n<li>Unterst\u00fctzung bei der Erstellung von Angeboten und Leistungsverzeichnissen<\/li>\n<li>Interne Projektvorplanung und Projektorganisation<\/li>\n<\/ul>\n<p>[\/vc_column_text][\/vc_column][\/vc_row]<\/p>\n<\/div>","protected":false},"excerpt":{"rendered":"<p>[vc_row full_width=&ldquo;stretch_row_content_no_spaces&ldquo; css=&ldquo;.vc_custom_1486677990927{margin-top: -40px !important;}&ldquo;][vc_column][vc_single_image image=&ldquo;508&Prime; img_size=&ldquo;full&ldquo; alignment=&ldquo;center&ldquo;][\/vc_column][\/vc_row][vc_row][vc_column][vc_custom_heading text=&ldquo;PROJEKTBERATUNG&ldquo; font_container=&ldquo;tag:h1|font_size:38px|text_align:center|color:%234c4c4c&ldquo; google_fonts=&ldquo;font_family:Raleway%3A100%2C200%2C300%2Cregular%2C500%2C600%2C700%2C800%2C900|font_style:700%20bold%20regular%3A700%3Anormal&ldquo;][vc_column_text]Unsere Erfahrungen im operativen Projektmanagement lassen wir in unsere Beratungsangebote<\/p>\n","protected":false},"author":1,"featured_media":0,"parent":0,"menu_order":0,"comment_status":"closed","ping_status":"closed","template":"","meta":{"footnotes":""},"class_list":["post-196","page","type-page","status-publish","hentry"],"_links":{"self":[{"href":"https:\/\/arminius-projects.com\/de\/wp-json\/wp\/v2\/pages\/196"}],"collection":[{"href":"https:\/\/arminius-projects.com\/de\/wp-json\/wp\/v2\/pages"}],"about":[{"href":"https:\/\/arminius-projects.com\/de\/wp-json\/wp\/v2\/types\/page"}],"author":[{"embeddable":true,"href":"https:\/\/arminius-projects.com\/de\/wp-json\/wp\/v2\/users\/1"}],"replies":[{"embeddable":true,"href":"https:\/\/arminius-projects.com\/de\/wp-json\/wp\/v2\/comments?post=196"}],"version-history":[{"count":13,"href":"https:\/\/arminius-projects.com\/de\/wp-json\/wp\/v2\/pages\/196\/revisions"}],"predecessor-version":[{"id":672,"href":"https:\/\/arminius-projects.com\/de\/wp-json\/wp\/v2\/pages\/196\/revisions\/672"}],"wp:attachment":[{"href":"https:\/\/arminius-projects.com\/de\/wp-json\/wp\/v2\/media?parent=196"}],"curies":[{"name":"wp","href":"https:\/\/api.w.org\/{rel}","templated":true}]}}