{"id":208,"date":"2017-02-09T23:33:59","date_gmt":"2017-02-09T22:33:59","guid":{"rendered":"https:\/\/arminius-projects.com\/?page_id=208"},"modified":"2021-03-28T17:48:37","modified_gmt":"2021-03-28T15:48:37","slug":"unternehmen","status":"publish","type":"page","link":"https:\/\/arminius-projects.com\/de\/unternehmen\/","title":{"rendered":"Unternehmen"},"content":{"rendered":"<div class=\"wpb-content-wrapper\"><p>[vc_row full_width=&#8220;stretch_row_content_no_spaces&#8220; css=&#8220;.vc_custom_1486677990927{margin-top: -40px !important;}&#8220;][vc_column][vc_single_image image=&#8220;458&#8243; img_size=&#8220;full&#8220; alignment=&#8220;center&#8220;][\/vc_column][\/vc_row][vc_row][vc_column][vc_custom_heading text=&#8220;ARMINIUS INDUSTRIAL PROJECTS&#8220; font_container=&#8220;tag:h1|font_size:38px|text_align:center|color:%234c4c4c&#8220; google_fonts=&#8220;font_family:Raleway%3A100%2C200%2C300%2Cregular%2C500%2C600%2C700%2C800%2C900|font_style:700%20bold%20regular%3A700%3Anormal&#8220;][\/vc_column][\/vc_row][vc_row][vc_column width=&#8220;1\/2&#8243;][vc_column_text]<strong>Arminius Industrial Projects GmbH &amp; Co. KG<\/strong> ist ein 2016 gegr\u00fcndetes internationales Dienstleistungs- und Beratungsunternehmen im Bereich industrieller Projekte. Mit unserem Know-how im <strong>operativen Risiko- und Projektmanagement<\/strong> unterst\u00fctzen wir unsere Kunden bei der Entwicklung, Planung, Durchf\u00fchrung und Steuerung ihrer Projekte. Dabei \u00fcbernehmen wir gerne Spezialaufgaben, welche sich vor allem bei komplexen Gro\u00dfprojekten, Krisenprojekten und internationalen Projekten ergeben.<\/p>\n<p>Wir wollen unsere Kunden <strong>effizient,<\/strong> <strong>wirksam<\/strong> und<strong> fokussiert<\/strong> unterst\u00fctzen. Wir l\u00f6sen Probleme und zielen auf den langfristigen Erfolg Ihrer Projekte. Unsere Leistungen gliedern sich in drei Kategorien: Projektmanagementdienstleistungen, Projektentwicklung und Projektpersonal.<\/p>\n<p>Unsere Branchenschwerpunkte liegen im <strong>Anlagenbau f\u00fcr Energieversorgung<\/strong>, im Bau von <strong>Offshore-Plattformen<\/strong> f\u00fcr \u00d6l &amp; Gas und Strom\u00fcbertragung , in der technischen <strong>Geb\u00e4udeausr\u00fcstung<\/strong> und in der<strong> industriellen Fertigung &amp; Montage<\/strong>.<\/p>\n<p>Wir sind Kunden aus anderen Bereichen nicht abgeneigt. Der Transfer von Wissen und die Erfahrung aus vorherigen Projekten, speziell im Hinblick auf fortschrittliche Projektmanagement-Methoden, kann branchen\u00fcbergreifend genutzt werden und sich sowohl f\u00fcr bestehende als auch Neukunden \u00e4u\u00dferst wertvoll erweisen.<\/p>\n<p>Wir machen<strong> Projektmangement<\/strong> zu einem <strong>Wettbewerbsvorteil<\/strong> f\u00fcr unsere Kunden.<\/p>\n<p><strong>Ihr Projekt ist unsere Leidenschaft!<\/strong>[\/vc_column_text][\/vc_column][vc_column width=&#8220;1\/2&#8243;][vc_single_image image=&#8220;350&#8243; img_size=&#8220;large&#8220; add_caption=&#8220;yes&#8220;][vc_column_text]Netzwerkpartner von:<br \/>\n<strong>mb+p Unternehmer-Beratung<a href=\"http:\/\/www.mbp-online.com\/index.php\"><img loading=\"lazy\" decoding=\"async\" class=\"size-full wp-image-618 alignright\" src=\"https:\/\/arminius-projects.com\/wp-content\/uploads\/2018\/07\/MBP.gif\" alt=\"\" width=\"225\" height=\"59\" \/><\/a><\/strong><br \/>\nChilehaus A<br \/>\nFischertwiete 2<br \/>\nD-20095 Hamburg<\/p>\n<p>[\/vc_column_text][\/vc_column][\/vc_row]<\/p>\n<\/div>","protected":false},"excerpt":{"rendered":"<p>[vc_row full_width=&ldquo;stretch_row_content_no_spaces&ldquo; css=&ldquo;.vc_custom_1486677990927{margin-top: -40px !important;}&ldquo;][vc_column][vc_single_image image=&ldquo;458&Prime; img_size=&ldquo;full&ldquo; alignment=&ldquo;center&ldquo;][\/vc_column][\/vc_row][vc_row][vc_column][vc_custom_heading text=&ldquo;ARMINIUS INDUSTRIAL PROJECTS&ldquo; font_container=&ldquo;tag:h1|font_size:38px|text_align:center|color:%234c4c4c&ldquo; google_fonts=&ldquo;font_family:Raleway%3A100%2C200%2C300%2Cregular%2C500%2C600%2C700%2C800%2C900|font_style:700%20bold%20regular%3A700%3Anormal&ldquo;][\/vc_column][\/vc_row][vc_row][vc_column width=&ldquo;1\/2&Prime;][vc_column_text]Arminius Industrial Projects GmbH &amp; Co. KG<\/p>\n","protected":false},"author":1,"featured_media":0,"parent":0,"menu_order":0,"comment_status":"closed","ping_status":"closed","template":"","meta":{"footnotes":""},"class_list":["post-208","page","type-page","status-publish","hentry"],"_links":{"self":[{"href":"https:\/\/arminius-projects.com\/de\/wp-json\/wp\/v2\/pages\/208"}],"collection":[{"href":"https:\/\/arminius-projects.com\/de\/wp-json\/wp\/v2\/pages"}],"about":[{"href":"https:\/\/arminius-projects.com\/de\/wp-json\/wp\/v2\/types\/page"}],"author":[{"embeddable":true,"href":"https:\/\/arminius-projects.com\/de\/wp-json\/wp\/v2\/users\/1"}],"replies":[{"embeddable":true,"href":"https:\/\/arminius-projects.com\/de\/wp-json\/wp\/v2\/comments?post=208"}],"version-history":[{"count":50,"href":"https:\/\/arminius-projects.com\/de\/wp-json\/wp\/v2\/pages\/208\/revisions"}],"predecessor-version":[{"id":673,"href":"https:\/\/arminius-projects.com\/de\/wp-json\/wp\/v2\/pages\/208\/revisions\/673"}],"wp:attachment":[{"href":"https:\/\/arminius-projects.com\/de\/wp-json\/wp\/v2\/media?parent=208"}],"curies":[{"name":"wp","href":"https:\/\/api.w.org\/{rel}","templated":true}]}}