{"id":210,"date":"2017-02-09T23:34:29","date_gmt":"2017-02-09T22:34:29","guid":{"rendered":"https:\/\/arminius-projects.com\/?page_id=210"},"modified":"2017-03-12T14:35:35","modified_gmt":"2017-03-12T13:35:35","slug":"kontakt","status":"publish","type":"page","link":"https:\/\/arminius-projects.com\/de\/kontakt\/","title":{"rendered":"Karriere"},"content":{"rendered":"<div class=\"wpb-content-wrapper\"><p>[vc_row full_width=&#8220;stretch_row_content_no_spaces&#8220; css=&#8220;.vc_custom_1486677990927{margin-top: -40px !important;}&#8220;][vc_column][vc_single_image image=&#8220;367&#8243; img_size=&#8220;full&#8220; alignment=&#8220;center&#8220;][\/vc_column][\/vc_row][vc_row][vc_column][vc_custom_heading text=&#8220;KARRIERE&#8220; font_container=&#8220;tag:h1|font_size:38px|text_align:center|color:%234c4c4c&#8220; google_fonts=&#8220;font_family:Raleway%3A100%2C200%2C300%2Cregular%2C500%2C600%2C700%2C800%2C900|font_style:700%20bold%20regular%3A700%3Anormal&#8220;][vc_column_text]Das Team von Arminius ist spezialisiert auf Projektmanagement f\u00fcr industrielle Kunden und daf\u00fcr wir sind immer auf der Suche nach engagierten Mitarbeitern.<\/p>\n<p>Projektmanagement Know-how setzt sich aus vielen Facetten zusammen und f\u00fcr uns ist es eine eigene Disziplin. Wie anspruchsvoll diese Disziplin ist zeigen die gro\u00dfen Projekte in unserer Zeit. Obwohl Wissen und Technologien fast uneingeschr\u00e4nkt zur Verf\u00fcgung stehen, gelingt es dem einen Team ein Projekt wie geplant umzusetzen, z.B. der Bau des Gotthard-Basistunnels, und ein anderes Team scheint an den Herausforderungen ihres Projekts zu scheitern. Daf\u00fcr gibt es genug aktuelle Beispiele.<\/p>\n<p>Wir besch\u00e4ftigen uns t\u00e4glich mit der Herausforderung, wie k\u00f6nnen wir das jeweilige Projekt f\u00fcr unseren Kunden voranbringen. Was gilt es zu tun? Bei uns bekommen Sie eine fundierte Projektmanagementausbildung und Projekterfahrung. Dies r\u00fcstet Sie auf jeden Fall f\u00fcr Ihren weiteren Berufsweg. Wenn Sie herausragendes Engagement, Pioniergeist und Wissensdurst mitbringen, dann bewerben Sie sich.<\/p>\n<p>Gr\u00fcnde f\u00fcr Arminius:<\/p>\n<ul>\n<li>Als Projektmanager f\u00fcr Arminius sind sie unabh\u00e4ngiger und objektiver Berater bei unseren Kunden<\/li>\n<li>Sie sammeln Erfahrungen in verschiedenen Industrien<\/li>\n<li>Sie arbeiten mit bei der Entwicklung von eigenen Projekten<\/li>\n<li>Wir sind sehr operativ orientiert, d.h. Eins\u00e4tze auf der Baustelle, Offshore oder in den Produktionsst\u00e4tten stehen h\u00e4ufig auf der Tagesordnung<\/li>\n<li>Flache Hierarchien und individuelle Entwicklungs-, Schulungs- und Zertifizierungsm\u00f6glichkeiten<\/li>\n<\/ul>\n<p>Senden Sie uns Ihre Initativbewerbung oder gehen Sie auf unsere <a href=\"\/?page_id=193\"><strong>Stellenanzeigen<\/strong><\/a><strong>.<\/strong>[\/vc_column_text][\/vc_column][\/vc_row]<\/p>\n<\/div>","protected":false},"excerpt":{"rendered":"<p>[vc_row full_width=&ldquo;stretch_row_content_no_spaces&ldquo; css=&ldquo;.vc_custom_1486677990927{margin-top: -40px !important;}&ldquo;][vc_column][vc_single_image image=&ldquo;367&Prime; img_size=&ldquo;full&ldquo; alignment=&ldquo;center&ldquo;][\/vc_column][\/vc_row][vc_row][vc_column][vc_custom_heading text=&ldquo;KARRIERE&ldquo; font_container=&ldquo;tag:h1|font_size:38px|text_align:center|color:%234c4c4c&ldquo; google_fonts=&ldquo;font_family:Raleway%3A100%2C200%2C300%2Cregular%2C500%2C600%2C700%2C800%2C900|font_style:700%20bold%20regular%3A700%3Anormal&ldquo;][vc_column_text]Das Team von Arminius ist spezialisiert auf Projektmanagement f&uuml;r industrielle<\/p>\n","protected":false},"author":1,"featured_media":0,"parent":0,"menu_order":0,"comment_status":"closed","ping_status":"closed","template":"","meta":{"footnotes":""},"class_list":["post-210","page","type-page","status-publish","hentry"],"_links":{"self":[{"href":"https:\/\/arminius-projects.com\/de\/wp-json\/wp\/v2\/pages\/210"}],"collection":[{"href":"https:\/\/arminius-projects.com\/de\/wp-json\/wp\/v2\/pages"}],"about":[{"href":"https:\/\/arminius-projects.com\/de\/wp-json\/wp\/v2\/types\/page"}],"author":[{"embeddable":true,"href":"https:\/\/arminius-projects.com\/de\/wp-json\/wp\/v2\/users\/1"}],"replies":[{"embeddable":true,"href":"https:\/\/arminius-projects.com\/de\/wp-json\/wp\/v2\/comments?post=210"}],"version-history":[{"count":12,"href":"https:\/\/arminius-projects.com\/de\/wp-json\/wp\/v2\/pages\/210\/revisions"}],"predecessor-version":[{"id":375,"href":"https:\/\/arminius-projects.com\/de\/wp-json\/wp\/v2\/pages\/210\/revisions\/375"}],"wp:attachment":[{"href":"https:\/\/arminius-projects.com\/de\/wp-json\/wp\/v2\/media?parent=210"}],"curies":[{"name":"wp","href":"https:\/\/api.w.org\/{rel}","templated":true}]}}