{"id":586,"date":"2017-04-12T10:05:52","date_gmt":"2017-04-12T08:05:52","guid":{"rendered":"https:\/\/arminius-projects.com\/imprint\/"},"modified":"2021-04-06T16:03:56","modified_gmt":"2021-04-06T14:03:56","slug":"imprint","status":"publish","type":"page","link":"https:\/\/arminius-projects.com\/en\/imprint\/","title":{"rendered":"Imprint"},"content":{"rendered":"<div class=\"wpb-content-wrapper\"><p>[vc_row full_width=&#8221;stretch_row_content_no_spaces&#8221; css=&#8221;.vc_custom_1486677990927{margin-top: -40px !important;}&#8221;][vc_column][vc_single_image image=&#8221;336&#8243; img_size=&#8221;full&#8221; alignment=&#8221;center&#8221;][\/vc_column][\/vc_row][vc_row][vc_column][vc_custom_heading text=&#8221;Imprint&#8221; font_container=&#8221;tag:h1|font_size:38px|text_align:center|color:%234c4c4c&#8221; google_fonts=&#8221;font_family:Raleway%3A100%2C200%2C300%2Cregular%2C500%2C600%2C700%2C800%2C900|font_style:700%20bold%20regular%3A700%3Anormal&#8221;][vc_column_text]<\/p>\n<p class=\"p1\" style=\"text-align: left;\"><strong><span class=\"s1\"><b>Arminius Industrial Projects GmbH<\/b> &amp; Co. KG<br \/>\n<\/span><\/strong><span class=\"s1\">Am Kaiserkai 1<\/span><span class=\"s1\"><br \/>\n<\/span>20457\u00a0Hamburg<\/p>\n<p class=\"p1\" style=\"text-align: left;\"><strong>Phone:\u00a0\u00a0 <\/strong>+49\u2009(0)\u200940 64 56 83 90<span class=\"s1\"><br \/>\n<\/span><strong>Fax:\u00a0<\/strong>\u00a0\u00a0\u00a0\u00a0\u00a0\u00a0\u00a0 +49 (0) 40 64 56 83 89<span class=\"s1\"><br \/>\n<\/span><strong>Mail:<\/strong><b> \u00a0 \u00a0\u00a0<\/b>\u00a0 info@arminius-ip.com<\/p>\n<p><span class=\"s1\">Amtsgericht Hamburg<\/span><span class=\"s1\"><br \/>\n<\/span>HRA 120936<span class=\"s1\"><br \/>\n<\/span>USt-IdNr.: DE309948617<\/p>\n<p>Pers\u00f6nlich haftende Gesellschafterin:<span class=\"s1\"><br \/>\n<\/span>Arminius Invest GmbH<span class=\"s1\"><br \/>\n<\/span>Sitz Hamburg<span class=\"s1\"><br \/>\n<\/span>HRB 143878<\/p>\n<p>Vertreten durch den Gesch\u00e4ftsf\u00fchrer: Christian Kiencke<\/p>\n<p style=\"text-align: left;\"><span class=\"s1\">Commerzbank Hamburg<br \/>\nIBAN DE49 2004 0000 0348 2999 00<br \/>\nBIC: COBADEFFXXX<\/span><\/p>\n<p style=\"text-align: left;\">Inhaltlich verantwortlich:\u00a0Christian Kiencke<\/p>\n<p style=\"text-align: left;\">Gestaltung\u00a0und technische Realisation: <a href=\"https:\/\/digitaldeck.de\/\" target=\"_blank\" rel=\"noopener\">digitaldeck.de<\/a><\/p>\n<p style=\"text-align: left;\">Informationen zur Online-Streitbeilegung: Die EU-Kommission hat eine Internetplattform zur Online-Beilegung von Streitigkeiten (sog. \u201eOS-Plattform\u201c) geschaffen. Die OS-Plattform dient als Anlaufstelle zur au\u00dfergerichtlichen Beilegung von Streitigkeiten betreffend vertragliche Verpflichtungen, die aus Online-Kaufvertr\u00e4gen erwachsen. Die OS-Plattform ist unter dem folgenden Link zu erreichen: <a href=\"http:\/\/ec.europa.eu\/consumers\/odr\">http:\/\/ec.europa.eu\/consumers\/odr<\/a>.<\/p>\n<h1><strong>Disclaimer:<\/strong><\/h1>\n<p><strong>1. Haftungsbeschr\u00e4nkung<\/strong><br \/>\nDie Inhalte des Internetauftritts wurden mit gr\u00f6\u00dftm\u00f6glicher Sorgfalt und nach bestem Gewissen erstellt. Dennoch \u00fcbernimmt der Anbieter dieser Webseite keine Gew\u00e4hr f\u00fcr die Aktualit\u00e4t, Vollst\u00e4ndigkeit und Richtigkeit der bereitgestellten Seiten und Inhalte.<\/p>\n<p>Als Diensteanbieter ist der Anbieter dieser Webseite gem\u00e4\u00df \u00a7 7 Abs. 1 TMG f\u00fcr eigene Inhalte und bereitgestellte Informationen auf diesen Seiten nach den allgemeinen Gesetzen verantwortlich; nach den \u00a7\u00a7 8 bis 10 TMG jedoch nicht verpflichtet, die \u00fcbermittelten oder gespeicherten fremden Informationen zu \u00fcberwachen. Eine Entfernung oder Sperrung dieser Inhalte erfolgt umgehend ab dem Zeitpunkt der Kenntnis einer konkreten Rechtsverletzung. Eine Haftung ist erst ab dem Zeitpunkt der Kenntniserlangung m\u00f6glich.<\/p>\n<p><strong>2. Externe Links<\/strong><br \/>\nDie Webseite enth\u00e4lt sog. \u201eexterne Links\u201c (Verlinkungen) zu anderen Webseiten, auf deren Inhalt der Anbieter der Webseite keinen Einfluss hat. Aus diesem Grund kann der Anbieter f\u00fcr diese Inhalte auch keine Gew\u00e4hr \u00fcbernehmen.<br \/>\nF\u00fcr die Inhalte und Richtigkeit der bereitgestellten Informationen ist der jeweilige Anbieter der verlinkten Webseite verantwortlich. Zum Zeitpunkt der Verlinkung waren keine Rechtsverst\u00f6\u00dfe erkennbar. Bei Bekanntwerden einer solchen Rechtsverletzung wird der Link umgehend entfernen.<\/p>\n<p><strong>3. Urheberrecht\/Leistungsschutzrecht<\/strong><br \/>\nDie auf dieser Webseite ver\u00f6ffentlichten Inhalte, Werke und bereitgestellten Informationen unterliegen dem deutschen Urheberrecht und Leistungsschutzrecht. Jede Art der Vervielf\u00e4ltigung, Bearbeitung, Verbreitung, Einspeicherung und jede Art der Verwertung au\u00dferhalb der Grenzen des Urheberrechts bedarf der vorherigen schriftlichen Zustimmung des jeweiligen Rechteinhabers. Das unerlaubte Kopieren\/Speichern der bereitgestellten Informationen auf diesen Webseiten ist nicht gestattet und strafbar.<\/p>\n<p><strong>4. Datenschutz<\/strong><br \/>\nDurch den Besuch des Internetauftritts k\u00f6nnen Informationen (Datum, Uhrzeit, aufgerufene Seite) \u00fcber den Zugriff auf dem Server gespeichert werden. Es werden keine personenbezogenenen (z. B. Name, Anschrift oder E-Mail-Adresse) Daten, gespeichert.<\/p>\n<p>Sofern personenbezogene Daten erhoben werden, erfolgt dies, sofern m\u00f6glich, nur mit dem vorherigen Einverst\u00e4ndnis des Nutzers der Webseite. Eine Weitergabe der Daten an Dritte findet ohne ausdr\u00fcckliche Zustimmung des Nutzers nicht statt.<\/p>\n<p>Der Anbieter weist darauf hin, dass die \u00dcbertragung von Daten im Internet (z. B. per E-Mail) Sicherheitsl\u00fccken aufweisen und ein l\u00fcckenloser Schutz der Daten vor dem Zugriff Dritter nicht gew\u00e4hrleistet werden kann. Der Anbieter \u00fcbernimmt keine Haftung f\u00fcr die durch solche Sicherheitsl\u00fccken entstandenen Sch\u00e4den.<\/p>\n<p>Der Verwendung der Kontaktdaten durch Dritte zur gewerblichen Nutzung wird ausdr\u00fccklich widersprochen. Es sei denn, der Anbieter hat zuvor seine schriftliche Einwilligung erteilt.<br \/>\nDer Anbieter beh\u00e4lt sich rechtliche Schritte f\u00fcr den Fall der unverlangten Zusendung von Werbeinformationen, z. B. durch Spam-Mails, vor.<\/p>\n<p>Quelle: <a class=\"cm_anchor\" href=\"http:\/\/www.mustervorlage.net\/disclaimer-muster\" target=\"_blank\" rel=\"noopener\">Disclaimer-Muster<\/a>[\/vc_column_text][\/vc_column][\/vc_row]<\/p>\n<\/div>","protected":false},"excerpt":{"rendered":"<p>[vc_row full_width=&rdquo;stretch_row_content_no_spaces&rdquo; css=&rdquo;.vc_custom_1486677990927{margin-top: -40px !important;}&rdquo;][vc_column][vc_single_image image=&rdquo;336&Prime; img_size=&rdquo;full&rdquo; alignment=&rdquo;center&rdquo;][\/vc_column][\/vc_row][vc_row][vc_column][vc_custom_heading text=&rdquo;Imprint&rdquo; font_container=&rdquo;tag:h1|font_size:38px|text_align:center|color:%234c4c4c&rdquo; google_fonts=&rdquo;font_family:Raleway%3A100%2C200%2C300%2Cregular%2C500%2C600%2C700%2C800%2C900|font_style:700%20bold%20regular%3A700%3Anormal&rdquo;][vc_column_text] Arminius Industrial Projects GmbH &amp; Co. KG Am Kaiserkai<\/p>\n","protected":false},"author":1,"featured_media":0,"parent":0,"menu_order":0,"comment_status":"closed","ping_status":"closed","template":"","meta":{"footnotes":""},"class_list":["post-586","page","type-page","status-publish","hentry"],"_links":{"self":[{"href":"https:\/\/arminius-projects.com\/en\/wp-json\/wp\/v2\/pages\/586"}],"collection":[{"href":"https:\/\/arminius-projects.com\/en\/wp-json\/wp\/v2\/pages"}],"about":[{"href":"https:\/\/arminius-projects.com\/en\/wp-json\/wp\/v2\/types\/page"}],"author":[{"embeddable":true,"href":"https:\/\/arminius-projects.com\/en\/wp-json\/wp\/v2\/users\/1"}],"replies":[{"embeddable":true,"href":"https:\/\/arminius-projects.com\/en\/wp-json\/wp\/v2\/comments?post=586"}],"version-history":[{"count":4,"href":"https:\/\/arminius-projects.com\/en\/wp-json\/wp\/v2\/pages\/586\/revisions"}],"predecessor-version":[{"id":616,"href":"https:\/\/arminius-projects.com\/en\/wp-json\/wp\/v2\/pages\/586\/revisions\/616"}],"wp:attachment":[{"href":"https:\/\/arminius-projects.com\/en\/wp-json\/wp\/v2\/media?parent=586"}],"curies":[{"name":"wp","href":"https:\/\/api.w.org\/{rel}","templated":true}]}}